{"id":233559,"date":"2026-04-01T20:47:58","date_gmt":"2026-04-01T20:47:58","guid":{"rendered":"https:\/\/camaralimaplugin.arbitrajeccl.com.pe\/?page_id=233559"},"modified":"2026-04-09T19:05:43","modified_gmt":"2026-04-09T19:05:43","slug":"revista-la-camara","status":"publish","type":"page","link":"https:\/\/camaralimaplugin.arbitrajeccl.com.pe\/en\/servicios\/informacion\/revista-la-camara\/","title":{"rendered":"Magazine The Camera"},"content":{"rendered":"<div data-elementor-type=\"wp-page\" data-elementor-id=\"233559\" class=\"elementor elementor-233559\" data-elementor-post-type=\"page\">\n\t\t\t\t        <section class=\"elementor-section elementor-top-section elementor-element elementor-element-26d9b44 elementor-section-stretched elementor-section-boxed elementor-section-height-default elementor-section-height-default pxl-row-scroll-none pxl-zoom-point-false pxl-section-overflow-visible\" data-id=\"26d9b44\" data-element_type=\"section\" data-settings=\"{&quot;stretch_section&quot;:&quot;section-stretched&quot;,&quot;background_background&quot;:&quot;classic&quot;}\">\n\n                            <div class=\"elementor-background-overlay\"><\/div>\n            \n                <div class=\"elementor-container elementor-column-gap-extended\">\n                <div class=\"elementor-column elementor-col-100 elementor-top-column elementor-element elementor-element-3c3cadaa pxl-column-none pxl-column-overflow-hidden-no\" data-id=\"3c3cadaa\" data-element_type=\"column\">\r\n        <div class=\"elementor-widget-wrap elementor-element-populated\">\r\n                     \r\n        \t\t<div class=\"elementor-element elementor-element-1d5c87bc elementor-widget elementor-widget-pxl_heading\" data-id=\"1d5c87bc\" data-element_type=\"widget\" data-widget_type=\"pxl_heading.default\">\n\t\t\t\t<div class=\"elementor-widget-container\">\n\t\t\t\t\t\n<div id=\"pxl-pxl_heading-1d5c87bc-4068\" class=\"pxl-heading px-sub-title-default-style\">\n\t<div class=\"pxl-heading--inner\">\n\t\t\t\t\t<div class=\"pxl-item--subtitle px-sub-title-default\" data-wow-delay=\"ms\">\n\t\t\t\t<span class=\"pxl-item--subtext\">\n\t\t\t\t\t\t\t\t\t\tService\t\t\t\t<\/span>\n\t\t\t<\/div>\n\t\t\n\t\t<h1 class=\"pxl-item--title style-default  highlight-default\" data-wow-delay=\"ms\">\n\t\t\t\t\t\t\tMagazine The Camera\t\n\t\t\t\t\n\t\t<\/h1>\n\t\t\n\t<\/div>\n<\/div>\t\t\t\t<\/div>\n\t\t\t\t<\/div>\n\t\t\t\t<div class=\"elementor-element elementor-element-51fe6751 elementor-widget__width-initial elementor-widget-laptop__width-initial elementor-widget elementor-widget-pxl_text_editor\" data-id=\"51fe6751\" data-element_type=\"widget\" data-widget_type=\"pxl_text_editor.default\">\n\t\t\t\t<div class=\"elementor-widget-container\">\n\t\t\t\t\t<div class=\"pxl-text-editor\">\n\t<div class=\"pxl-item--inner\" data-wow-delay=\"ms\">\n\t\tAccede a contenido clave para el mundo empresarial\t\t\n\t<\/div>\n<\/div>\t\t\t\t<\/div>\n\t\t\t\t<\/div>\n\t\t\t\t<div class=\"elementor-element elementor-element-2e96df59 elementor-widget-divider--view-line elementor-widget elementor-widget-divider\" data-id=\"2e96df59\" data-element_type=\"widget\" data-widget_type=\"divider.default\">\n\t\t\t\t\t\t\t<div class=\"elementor-divider\">\n\t\t\t<span class=\"elementor-divider-separator\">\n\t\t\t\t\t\t<\/span>\n\t\t<\/div>\n\t\t\t\t\t\t<\/div>\n\t\t\t\t<div class=\"elementor-element elementor-element-2a308d3a elementor-widget-divider--view-line elementor-widget elementor-widget-divider\" data-id=\"2a308d3a\" data-element_type=\"widget\" data-widget_type=\"divider.default\">\n\t\t\t\t\t\t\t<div class=\"elementor-divider\">\n\t\t\t<span class=\"elementor-divider-separator\">\n\t\t\t\t\t\t<\/span>\n\t\t<\/div>\n\t\t\t\t\t\t<\/div>\n\t\t\t\t<div class=\"elementor-element elementor-element-28251703 elementor-widget elementor-widget-pxl_breadcrumb\" data-id=\"28251703\" data-element_type=\"widget\" data-widget_type=\"pxl_breadcrumb.default\">\n\t\t\t\t<div class=\"elementor-widget-container\">\n\t\t\t\t\t<div class=\"pxl-breadcrumb-wrap\">\n\t<ul class=\"pxl-breadcrumb\"><li><span class=\"breadcrumb-entry\">Home CCL<\/span><\/li><\/ul><\/div>\t\t\t\t<\/div>\n\t\t\t\t<\/div>\n\t\t            <\/div>\r\n        <\/div>\r\n        \t\t\t<\/div>\n\t\t<\/section>\n\t\t        <section class=\"elementor-section elementor-top-section elementor-element elementor-element-57b34d8 elementor-section-stretched elementor-section-boxed elementor-section-height-default elementor-section-height-default pxl-row-scroll-none pxl-zoom-point-false pxl-section-overflow-visible\" data-id=\"57b34d8\" data-element_type=\"section\" data-settings=\"{&quot;stretch_section&quot;:&quot;section-stretched&quot;,&quot;background_background&quot;:&quot;classic&quot;}\">\n\n                \n                <div class=\"elementor-container elementor-column-gap-default\">\n                <div class=\"elementor-column elementor-col-100 elementor-top-column elementor-element elementor-element-4812e80c pxl-column-overflow-hidden-yes pxl-column-none\" data-id=\"4812e80c\" data-element_type=\"column\" data-settings=\"{&quot;background_background&quot;:&quot;classic&quot;}\">\r\n        <div class=\"elementor-widget-wrap elementor-element-populated\">\r\n                     \r\n                <section class=\"elementor-section elementor-inner-section elementor-element elementor-element-3ef78c25 elementor-section-content-middle elementor-section-boxed elementor-section-height-default elementor-section-height-default pxl-row-scroll-none pxl-zoom-point-false pxl-section-overflow-visible\" data-id=\"3ef78c25\" data-element_type=\"section\">\n\n                \n                <div class=\"elementor-container elementor-column-gap-default\">\n                <div class=\"elementor-column elementor-col-50 elementor-inner-column elementor-element elementor-element-31d08be2 pxl-column-none pxl-column-overflow-hidden-no\" data-id=\"31d08be2\" data-element_type=\"column\">\r\n        <div class=\"elementor-widget-wrap elementor-element-populated\">\r\n                     \r\n        \t\t<div class=\"elementor-element elementor-element-a9f7bd elementor-widget elementor-widget-heading\" data-id=\"a9f7bd\" data-element_type=\"widget\" data-widget_type=\"heading.default\">\n\t\t\t\t\t<h2 class=\"elementor-heading-title elementor-size-default\">'La C\u00e1mara'<\/h2>\t\t\t\t<\/div>\n\t\t\t\t<div class=\"elementor-element elementor-element-4fa531 elementor-widget-divider--view-line elementor-widget elementor-widget-divider\" data-id=\"4fa531\" data-element_type=\"widget\" data-widget_type=\"divider.default\">\n\t\t\t\t\t\t\t<div class=\"elementor-divider\">\n\t\t\t<span class=\"elementor-divider-separator\">\n\t\t\t\t\t\t<\/span>\n\t\t<\/div>\n\t\t\t\t\t\t<\/div>\n\t\t\t\t<div class=\"elementor-element elementor-element-6908c324 elementor-widget elementor-widget-pxl_text_editor\" data-id=\"6908c324\" data-element_type=\"widget\" data-widget_type=\"pxl_text_editor.default\">\n\t\t\t\t<div class=\"elementor-widget-container\">\n\t\t\t\t\t<div class=\"pxl-text-editor\">\n\t<div class=\"pxl-item--inner\" data-wow-delay=\"ms\">\n\t\tMantente informado con la Revista La C\u00e1mara, el medio oficial de la C\u00e1mara de Comercio de Lima. Encuentra an\u00e1lisis, tendencias, entrevistas y reportajes sobre econom\u00eda, negocios y actualidad empresarial. Accede a contenido de valor que te ayudar\u00e1 a tomar mejores decisiones y potenciar tu crecimiento profesional.\t\t\n\t<\/div>\n<\/div>\t\t\t\t<\/div>\n\t\t\t\t<\/div>\n\t\t\t\t<div class=\"elementor-element elementor-element-4f654afa elementor-align-center elementor-align-left elementor-widget elementor-widget-pxl_button\" data-id=\"4f654afa\" data-element_type=\"widget\" data-widget_type=\"pxl_button.default\">\n\t\t\t\t<div class=\"elementor-widget-container\">\n\t\t\t\t\t<div id=\"pxl-pxl_button-4f654afa-1645\" class=\"pxl-button pxl-atc-link wow fadeIn\" data-wow-delay=\"ms\">\r\n    <a href=\"https:\/\/lacamara.pe\/\" target=\"_blank\" class=\"btn pxl-icon-active  btn-default wow fadeIn inline pxl-icon--left\" data-wow-delay=\"ms\" data-target=\".pxl-page-popup-template-0\">\r\n                <span class=\"pxl--btn-text\" data-text=\"Leer la revista\">\r\n            Leer la revista        <\/span>\r\n            <\/a>\r\n<\/div>\t\t\t\t<\/div>\n\t\t\t\t<\/div>\n\t\t            <\/div>\r\n        <\/div>\r\n                <div class=\"elementor-column elementor-col-50 elementor-inner-column elementor-element elementor-element-1f6f2da8 pxl-column-none pxl-column-overflow-hidden-no\" data-id=\"1f6f2da8\" data-element_type=\"column\">\r\n        <div class=\"elementor-widget-wrap elementor-element-populated\">\r\n                     \r\n        \t\t<div class=\"elementor-element elementor-element-219ecf89 elementor-widget elementor-widget-pxl_image\" data-id=\"219ecf89\" data-element_type=\"widget\" data-widget_type=\"pxl_image.default\">\n\t\t\t\t<div class=\"elementor-widget-container\">\n\t\t\t\t\t<div id=\"pxl_image-219ecf89-3725\" class=\"pxl-image-single block-blur3 pxl-disable-parallax-sm pxl-hide-sr-lg\" data-wow-delay=\"ms\"  >\r\n    <div class=\"pxl-item--inner\" data-wow-delay=\"120ms\">\r\n        \r\n                    <div class=\"pxl-item--image block-blur3\" data-parallax-value=\"\">\r\n                                <img fetchpriority=\"high\" decoding=\"async\" width=\"650\" height=\"400\" src=\"https:\/\/camaralimaplugin.arbitrajeccl.com.pe\/wp-content\/uploads\/2026\/04\/2-LA-CAMARA.jpg\" class=\"no-lazyload attachment-full\" alt=\"\" srcset=\"https:\/\/camaralimaplugin.arbitrajeccl.com.pe\/wp-content\/uploads\/2026\/04\/2-LA-CAMARA.jpg 650w, https:\/\/camaralimaplugin.arbitrajeccl.com.pe\/wp-content\/uploads\/2026\/04\/2-LA-CAMARA-300x185.jpg 300w, https:\/\/camaralimaplugin.arbitrajeccl.com.pe\/wp-content\/uploads\/2026\/04\/2-LA-CAMARA-18x12.jpg 18w\" sizes=\"(max-width: 650px) 100vw, 650px\" \/>                                                    <div class=\"wrap-block\">\r\n                                                    <span class=\"block wow zoomIn\"><\/span>\r\n                            <span class=\"block wow zoomIn\"><\/span>\r\n                                                                                                    <span class=\"block wow flipInY\"><\/span>\r\n                                                                                                    <span class=\"block wow zoomIn\"><\/span>\r\n                                            <\/div>\r\n                            <\/div>\r\n                \r\n    <\/div>\r\n<\/div>\t\t\t\t<\/div>\n\t\t\t\t<\/div>\n\t\t            <\/div>\r\n        <\/div>\r\n        \t\t\t<\/div>\n\t\t<\/section>\n\t\t            <\/div>\r\n        <\/div>\r\n        \t\t\t<\/div>\n\t\t<\/section>\n\t\t\t\t<\/div>","protected":false},"excerpt":{"rendered":"<p>Servicio Revista La C\u00e1mara Accede a contenido clave para el mundo empresarial Home CCL &#8216;La C\u00e1mara&#8217; Mantente informado con la Revista La C\u00e1mara, el medio oficial de la C\u00e1mara de Comercio de Lima. Encuentra an\u00e1lisis, tendencias, entrevistas y reportajes sobre econom\u00eda, negocios y actualidad empresarial. Accede a contenido de valor que te ayudar\u00e1 a tomar [&hellip;]<\/p>","protected":false},"author":3,"featured_media":0,"parent":160196,"menu_order":0,"comment_status":"closed","ping_status":"closed","template":"","meta":{"footnotes":""},"class_list":["post-233559","page","type-page","status-publish","hentry"],"yoast_head":"<!-- This site is optimized with the Yoast SEO plugin v25.4 - https:\/\/yoast.com\/wordpress\/plugins\/seo\/ -->\n<title>Revista La C\u00e1mara - C\u00e1mara de Comercio de Lima<\/title>\n<meta name=\"description\" content=\"Accede a contenido clave para el mundo empresarial y mantente informado con la Revista La C\u00e1mara, el medio oficial de la C\u00e1mara de Comercio de Lima.\" \/>\n<meta name=\"robots\" content=\"index, follow, max-snippet:-1, max-image-preview:large, max-video-preview:-1\" \/>\n<link rel=\"canonical\" href=\"https:\/\/camaralimaplugin.arbitrajeccl.com.pe\/en\/servicios\/informacion\/revista-la-camara\/\" \/>\n<meta property=\"og:locale\" content=\"en_US\" \/>\n<meta property=\"og:type\" content=\"article\" \/>\n<meta property=\"og:title\" content=\"Revista La C\u00e1mara - C\u00e1mara de Comercio de Lima\" \/>\n<meta property=\"og:description\" content=\"Accede a contenido clave para el mundo empresarial y mantente informado con la Revista La C\u00e1mara, el medio oficial de la C\u00e1mara de Comercio de Lima.\" \/>\n<meta property=\"og:url\" content=\"https:\/\/camaralimaplugin.arbitrajeccl.com.pe\/en\/servicios\/informacion\/revista-la-camara\/\" \/>\n<meta property=\"og:site_name\" content=\"C\u00e1mara de Comercio de Lima\" \/>\n<meta property=\"article:modified_time\" content=\"2026-04-09T19:05:43+00:00\" \/>\n<meta property=\"og:image\" content=\"https:\/\/camaralimaplugin.arbitrajeccl.com.pe\/wp-content\/uploads\/2026\/04\/2-LA-CAMARA.jpg\" \/>\n<meta name=\"twitter:card\" content=\"summary_large_image\" \/>\n<meta name=\"twitter:label1\" content=\"Est. reading time\" \/>\n\t<meta name=\"twitter:data1\" content=\"1 minute\" \/>\n<script type=\"application\/ld+json\" class=\"yoast-schema-graph\">{\"@context\":\"https:\/\/schema.org\",\"@graph\":[{\"@type\":\"WebPage\",\"@id\":\"https:\/\/camaralimaplugin.arbitrajeccl.com.pe\/servicios\/informacion\/revista-la-camara\/\",\"url\":\"https:\/\/camaralimaplugin.arbitrajeccl.com.pe\/servicios\/informacion\/revista-la-camara\/\",\"name\":\"Revista La C\u00e1mara - C\u00e1mara de Comercio de Lima\",\"isPartOf\":{\"@id\":\"https:\/\/camaralimaplugin.arbitrajeccl.com.pe\/#website\"},\"primaryImageOfPage\":{\"@id\":\"https:\/\/camaralimaplugin.arbitrajeccl.com.pe\/servicios\/informacion\/revista-la-camara\/#primaryimage\"},\"image\":{\"@id\":\"https:\/\/camaralimaplugin.arbitrajeccl.com.pe\/servicios\/informacion\/revista-la-camara\/#primaryimage\"},\"thumbnailUrl\":\"https:\/\/camaralimaplugin.arbitrajeccl.com.pe\/wp-content\/uploads\/2026\/04\/2-LA-CAMARA.jpg\",\"datePublished\":\"2026-04-01T20:47:58+00:00\",\"dateModified\":\"2026-04-09T19:05:43+00:00\",\"description\":\"Accede a contenido clave para el mundo empresarial y mantente informado con la Revista La C\u00e1mara, el medio oficial de la C\u00e1mara de Comercio de Lima.\",\"breadcrumb\":{\"@id\":\"https:\/\/camaralimaplugin.arbitrajeccl.com.pe\/servicios\/informacion\/revista-la-camara\/#breadcrumb\"},\"inLanguage\":\"en-US\",\"potentialAction\":[{\"@type\":\"ReadAction\",\"target\":[\"https:\/\/camaralimaplugin.arbitrajeccl.com.pe\/servicios\/informacion\/revista-la-camara\/\"]}]},{\"@type\":\"ImageObject\",\"inLanguage\":\"en-US\",\"@id\":\"https:\/\/camaralimaplugin.arbitrajeccl.com.pe\/servicios\/informacion\/revista-la-camara\/#primaryimage\",\"url\":\"https:\/\/camaralimaplugin.arbitrajeccl.com.pe\/wp-content\/uploads\/2026\/04\/2-LA-CAMARA.jpg\",\"contentUrl\":\"https:\/\/camaralimaplugin.arbitrajeccl.com.pe\/wp-content\/uploads\/2026\/04\/2-LA-CAMARA.jpg\"},{\"@type\":\"BreadcrumbList\",\"@id\":\"https:\/\/camaralimaplugin.arbitrajeccl.com.pe\/servicios\/informacion\/revista-la-camara\/#breadcrumb\",\"itemListElement\":[{\"@type\":\"ListItem\",\"position\":1,\"name\":\"Home\",\"item\":\"https:\/\/camaralimaplugin.arbitrajeccl.com.pe\/\"},{\"@type\":\"ListItem\",\"position\":2,\"name\":\"Servicios\",\"item\":\"https:\/\/camaralimaplugin.arbitrajeccl.com.pe\/servicios\/\"},{\"@type\":\"ListItem\",\"position\":3,\"name\":\"Informaci\u00f3n\",\"item\":\"https:\/\/camaralimaplugin.arbitrajeccl.com.pe\/servicios\/informacion\/\"},{\"@type\":\"ListItem\",\"position\":4,\"name\":\"Revista La C\u00e1mara\"}]},{\"@type\":\"WebSite\",\"@id\":\"https:\/\/camaralimaplugin.arbitrajeccl.com.pe\/#website\",\"url\":\"https:\/\/camaralimaplugin.arbitrajeccl.com.pe\/\",\"name\":\"C\u00e1mara de Comercio de Lima\",\"description\":\"\",\"potentialAction\":[{\"@type\":\"SearchAction\",\"target\":{\"@type\":\"EntryPoint\",\"urlTemplate\":\"https:\/\/camaralimaplugin.arbitrajeccl.com.pe\/?s={search_term_string}\"},\"query-input\":{\"@type\":\"PropertyValueSpecification\",\"valueRequired\":true,\"valueName\":\"search_term_string\"}}],\"inLanguage\":\"en-US\"}]}<\/script>\n<!-- \/ Yoast SEO plugin. -->","yoast_head_json":{"title":"Revista La C\u00e1mara - C\u00e1mara de Comercio de Lima","description":"Accede a contenido clave para el mundo empresarial y mantente informado con la Revista La C\u00e1mara, el medio oficial de la C\u00e1mara de Comercio de Lima.","robots":{"index":"index","follow":"follow","max-snippet":"max-snippet:-1","max-image-preview":"max-image-preview:large","max-video-preview":"max-video-preview:-1"},"canonical":"https:\/\/camaralimaplugin.arbitrajeccl.com.pe\/en\/servicios\/informacion\/revista-la-camara\/","og_locale":"en_US","og_type":"article","og_title":"Revista La C\u00e1mara - C\u00e1mara de Comercio de Lima","og_description":"Accede a contenido clave para el mundo empresarial y mantente informado con la Revista La C\u00e1mara, el medio oficial de la C\u00e1mara de Comercio de Lima.","og_url":"https:\/\/camaralimaplugin.arbitrajeccl.com.pe\/en\/servicios\/informacion\/revista-la-camara\/","og_site_name":"C\u00e1mara de Comercio de Lima","article_modified_time":"2026-04-09T19:05:43+00:00","og_image":[{"url":"https:\/\/camaralimaplugin.arbitrajeccl.com.pe\/wp-content\/uploads\/2026\/04\/2-LA-CAMARA.jpg","type":"","width":"","height":""}],"twitter_card":"summary_large_image","twitter_misc":{"Est. reading time":"1 minute"},"schema":{"@context":"https:\/\/schema.org","@graph":[{"@type":"WebPage","@id":"https:\/\/camaralimaplugin.arbitrajeccl.com.pe\/servicios\/informacion\/revista-la-camara\/","url":"https:\/\/camaralimaplugin.arbitrajeccl.com.pe\/servicios\/informacion\/revista-la-camara\/","name":"Revista La C\u00e1mara - C\u00e1mara de Comercio de Lima","isPartOf":{"@id":"https:\/\/camaralimaplugin.arbitrajeccl.com.pe\/#website"},"primaryImageOfPage":{"@id":"https:\/\/camaralimaplugin.arbitrajeccl.com.pe\/servicios\/informacion\/revista-la-camara\/#primaryimage"},"image":{"@id":"https:\/\/camaralimaplugin.arbitrajeccl.com.pe\/servicios\/informacion\/revista-la-camara\/#primaryimage"},"thumbnailUrl":"https:\/\/camaralimaplugin.arbitrajeccl.com.pe\/wp-content\/uploads\/2026\/04\/2-LA-CAMARA.jpg","datePublished":"2026-04-01T20:47:58+00:00","dateModified":"2026-04-09T19:05:43+00:00","description":"Accede a contenido clave para el mundo empresarial y mantente informado con la Revista La C\u00e1mara, el medio oficial de la C\u00e1mara de Comercio de Lima.","breadcrumb":{"@id":"https:\/\/camaralimaplugin.arbitrajeccl.com.pe\/servicios\/informacion\/revista-la-camara\/#breadcrumb"},"inLanguage":"en-US","potentialAction":[{"@type":"ReadAction","target":["https:\/\/camaralimaplugin.arbitrajeccl.com.pe\/servicios\/informacion\/revista-la-camara\/"]}]},{"@type":"ImageObject","inLanguage":"en-US","@id":"https:\/\/camaralimaplugin.arbitrajeccl.com.pe\/servicios\/informacion\/revista-la-camara\/#primaryimage","url":"https:\/\/camaralimaplugin.arbitrajeccl.com.pe\/wp-content\/uploads\/2026\/04\/2-LA-CAMARA.jpg","contentUrl":"https:\/\/camaralimaplugin.arbitrajeccl.com.pe\/wp-content\/uploads\/2026\/04\/2-LA-CAMARA.jpg"},{"@type":"BreadcrumbList","@id":"https:\/\/camaralimaplugin.arbitrajeccl.com.pe\/servicios\/informacion\/revista-la-camara\/#breadcrumb","itemListElement":[{"@type":"ListItem","position":1,"name":"Home","item":"https:\/\/camaralimaplugin.arbitrajeccl.com.pe\/"},{"@type":"ListItem","position":2,"name":"Servicios","item":"https:\/\/camaralimaplugin.arbitrajeccl.com.pe\/servicios\/"},{"@type":"ListItem","position":3,"name":"Informaci\u00f3n","item":"https:\/\/camaralimaplugin.arbitrajeccl.com.pe\/servicios\/informacion\/"},{"@type":"ListItem","position":4,"name":"Revista La C\u00e1mara"}]},{"@type":"WebSite","@id":"https:\/\/camaralimaplugin.arbitrajeccl.com.pe\/#website","url":"https:\/\/camaralimaplugin.arbitrajeccl.com.pe\/","name":"Lima Chamber of Commerce","description":"","potentialAction":[{"@type":"SearchAction","target":{"@type":"EntryPoint","urlTemplate":"https:\/\/camaralimaplugin.arbitrajeccl.com.pe\/?s={search_term_string}"},"query-input":{"@type":"PropertyValueSpecification","valueRequired":true,"valueName":"search_term_string"}}],"inLanguage":"en-US"}]}},"_links":{"self":[{"href":"https:\/\/camaralimaplugin.arbitrajeccl.com.pe\/en\/wp-json\/wp\/v2\/pages\/233559","targetHints":{"allow":["GET"]}}],"collection":[{"href":"https:\/\/camaralimaplugin.arbitrajeccl.com.pe\/en\/wp-json\/wp\/v2\/pages"}],"about":[{"href":"https:\/\/camaralimaplugin.arbitrajeccl.com.pe\/en\/wp-json\/wp\/v2\/types\/page"}],"author":[{"embeddable":true,"href":"https:\/\/camaralimaplugin.arbitrajeccl.com.pe\/en\/wp-json\/wp\/v2\/users\/3"}],"replies":[{"embeddable":true,"href":"https:\/\/camaralimaplugin.arbitrajeccl.com.pe\/en\/wp-json\/wp\/v2\/comments?post=233559"}],"version-history":[{"count":20,"href":"https:\/\/camaralimaplugin.arbitrajeccl.com.pe\/en\/wp-json\/wp\/v2\/pages\/233559\/revisions"}],"predecessor-version":[{"id":280692,"href":"https:\/\/camaralimaplugin.arbitrajeccl.com.pe\/en\/wp-json\/wp\/v2\/pages\/233559\/revisions\/280692"}],"up":[{"embeddable":true,"href":"https:\/\/camaralimaplugin.arbitrajeccl.com.pe\/en\/wp-json\/wp\/v2\/pages\/160196"}],"wp:attachment":[{"href":"https:\/\/camaralimaplugin.arbitrajeccl.com.pe\/en\/wp-json\/wp\/v2\/media?parent=233559"}],"curies":[{"name":"wp","href":"https:\/\/api.w.org\/{rel}","templated":true}]}}