{"id":233552,"date":"2026-04-01T20:43:23","date_gmt":"2026-04-01T20:43:23","guid":{"rendered":"https:\/\/camaralimaplugin.arbitrajeccl.com.pe\/?page_id=233552"},"modified":"2026-04-06T19:34:45","modified_gmt":"2026-04-06T19:34:45","slug":"online-ya","status":"publish","type":"page","link":"https:\/\/camaralimaplugin.arbitrajeccl.com.pe\/en\/servicios\/capacitaciones\/online-ya\/","title":{"rendered":"Online Ya"},"content":{"rendered":"<div data-elementor-type=\"wp-page\" data-elementor-id=\"233552\" class=\"elementor elementor-233552\" data-elementor-post-type=\"page\">\n\t\t\t\t        <section class=\"elementor-section elementor-top-section elementor-element elementor-element-26d9b44 elementor-section-stretched elementor-section-boxed elementor-section-height-default elementor-section-height-default pxl-row-scroll-none pxl-zoom-point-false pxl-section-overflow-visible\" data-id=\"26d9b44\" data-element_type=\"section\" data-settings=\"{&quot;stretch_section&quot;:&quot;section-stretched&quot;,&quot;background_background&quot;:&quot;classic&quot;}\">\n\n                            <div class=\"elementor-background-overlay\"><\/div>\n            \n                <div class=\"elementor-container elementor-column-gap-extended\">\n                <div class=\"elementor-column elementor-col-100 elementor-top-column elementor-element elementor-element-3c3cadaa pxl-column-none pxl-column-overflow-hidden-no\" data-id=\"3c3cadaa\" data-element_type=\"column\">\r\n        <div class=\"elementor-widget-wrap elementor-element-populated\">\r\n                     \r\n        \t\t<div class=\"elementor-element elementor-element-1d5c87bc elementor-widget elementor-widget-pxl_heading\" data-id=\"1d5c87bc\" data-element_type=\"widget\" data-widget_type=\"pxl_heading.default\">\n\t\t\t\t<div class=\"elementor-widget-container\">\n\t\t\t\t\t\n<div id=\"pxl-pxl_heading-1d5c87bc-9913\" class=\"pxl-heading px-sub-title-default-style\">\n\t<div class=\"pxl-heading--inner\">\n\t\t\t\t\t<div class=\"pxl-item--subtitle px-sub-title-default\" data-wow-delay=\"ms\">\n\t\t\t\t<span class=\"pxl-item--subtext\">\n\t\t\t\t\t\t\t\t\t\tService\t\t\t\t<\/span>\n\t\t\t<\/div>\n\t\t\n\t\t<h1 class=\"pxl-item--title style-default  highlight-default\" data-wow-delay=\"ms\">\n\t\t\t\t\t\t\tOnline Ya\t\n\t\t\t\t\n\t\t<\/h1>\n\t\t\n\t<\/div>\n<\/div>\t\t\t\t<\/div>\n\t\t\t\t<\/div>\n\t\t\t\t<div class=\"elementor-element elementor-element-51fe6751 elementor-widget__width-initial elementor-widget-laptop__width-initial elementor-widget elementor-widget-pxl_text_editor\" data-id=\"51fe6751\" data-element_type=\"widget\" data-widget_type=\"pxl_text_editor.default\">\n\t\t\t\t<div class=\"elementor-widget-container\">\n\t\t\t\t\t<div class=\"pxl-text-editor\">\n\t<div class=\"pxl-item--inner\" data-wow-delay=\"ms\">\n\t\tCapac\u00edtate online y avanza a tu ritmo\t\t\n\t<\/div>\n<\/div>\t\t\t\t<\/div>\n\t\t\t\t<\/div>\n\t\t\t\t<div class=\"elementor-element elementor-element-2e96df59 elementor-widget-divider--view-line elementor-widget elementor-widget-divider\" data-id=\"2e96df59\" data-element_type=\"widget\" data-widget_type=\"divider.default\">\n\t\t\t\t\t\t\t<div class=\"elementor-divider\">\n\t\t\t<span class=\"elementor-divider-separator\">\n\t\t\t\t\t\t<\/span>\n\t\t<\/div>\n\t\t\t\t\t\t<\/div>\n\t\t\t\t<div class=\"elementor-element elementor-element-2a308d3a elementor-widget-divider--view-line elementor-widget elementor-widget-divider\" data-id=\"2a308d3a\" data-element_type=\"widget\" data-widget_type=\"divider.default\">\n\t\t\t\t\t\t\t<div class=\"elementor-divider\">\n\t\t\t<span class=\"elementor-divider-separator\">\n\t\t\t\t\t\t<\/span>\n\t\t<\/div>\n\t\t\t\t\t\t<\/div>\n\t\t\t\t<div class=\"elementor-element elementor-element-28251703 elementor-widget elementor-widget-pxl_breadcrumb\" data-id=\"28251703\" data-element_type=\"widget\" data-widget_type=\"pxl_breadcrumb.default\">\n\t\t\t\t<div class=\"elementor-widget-container\">\n\t\t\t\t\t<div class=\"pxl-breadcrumb-wrap\">\n\t<ul class=\"pxl-breadcrumb\"><li><span class=\"breadcrumb-entry\">Home CCL<\/span><\/li><\/ul><\/div>\t\t\t\t<\/div>\n\t\t\t\t<\/div>\n\t\t            <\/div>\r\n        <\/div>\r\n        \t\t\t<\/div>\n\t\t<\/section>\n\t\t        <section class=\"elementor-section elementor-top-section elementor-element elementor-element-3ec7852a elementor-section-stretched elementor-section-boxed elementor-section-height-default elementor-section-height-default pxl-row-scroll-none pxl-zoom-point-false pxl-section-overflow-visible\" data-id=\"3ec7852a\" data-element_type=\"section\" data-settings=\"{&quot;stretch_section&quot;:&quot;section-stretched&quot;,&quot;background_background&quot;:&quot;classic&quot;}\">\n\n                \n                <div class=\"elementor-container elementor-column-gap-default\">\n                <div class=\"elementor-column elementor-col-100 elementor-top-column elementor-element elementor-element-38fab1cc pxl-column-overflow-hidden-yes pxl-column-none\" data-id=\"38fab1cc\" data-element_type=\"column\" data-settings=\"{&quot;background_background&quot;:&quot;classic&quot;}\">\r\n        <div class=\"elementor-widget-wrap elementor-element-populated\">\r\n                     \r\n                <section class=\"elementor-section elementor-inner-section elementor-element elementor-element-638de545 elementor-section-content-middle elementor-section-boxed elementor-section-height-default elementor-section-height-default pxl-row-scroll-none pxl-zoom-point-false pxl-section-overflow-visible\" data-id=\"638de545\" data-element_type=\"section\">\n\n                \n                <div class=\"elementor-container elementor-column-gap-default\">\n                <div class=\"elementor-column elementor-col-50 elementor-inner-column elementor-element elementor-element-197da019 pxl-column-none pxl-column-overflow-hidden-no\" data-id=\"197da019\" data-element_type=\"column\">\r\n        <div class=\"elementor-widget-wrap elementor-element-populated\">\r\n                     \r\n        \t\t<div class=\"elementor-element elementor-element-55d70415 elementor-widget elementor-widget-heading\" data-id=\"55d70415\" data-element_type=\"widget\" data-widget_type=\"heading.default\">\n\t\t\t\t\t<h2 class=\"elementor-heading-title elementor-size-default\">Aprende cuando quieras, sin detener tu crecimiento<\/h2>\t\t\t\t<\/div>\n\t\t\t\t<div class=\"elementor-element elementor-element-174c1bd7 elementor-widget-divider--view-line elementor-widget elementor-widget-divider\" data-id=\"174c1bd7\" data-element_type=\"widget\" data-widget_type=\"divider.default\">\n\t\t\t\t\t\t\t<div class=\"elementor-divider\">\n\t\t\t<span class=\"elementor-divider-separator\">\n\t\t\t\t\t\t<\/span>\n\t\t<\/div>\n\t\t\t\t\t\t<\/div>\n\t\t\t\t<div class=\"elementor-element elementor-element-1871324b elementor-widget elementor-widget-pxl_text_editor\" data-id=\"1871324b\" data-element_type=\"widget\" data-widget_type=\"pxl_text_editor.default\">\n\t\t\t\t<div class=\"elementor-widget-container\">\n\t\t\t\t\t<div class=\"pxl-text-editor\">\n\t<div class=\"pxl-item--inner\" data-wow-delay=\"ms\">\n\t\tAccede a cursos online dise\u00f1ados para potenciar tus habilidades profesionales de manera flexible. Online Ya te permite aprender a tu ritmo con contenidos pr\u00e1cticos en negocios, tecnolog\u00eda y gesti\u00f3n, facilitando tu crecimiento continuo desde cualquier lugar y en cualquier momento.\t\t\n\t<\/div>\n<\/div>\t\t\t\t<\/div>\n\t\t\t\t<\/div>\n\t\t\t\t<div class=\"elementor-element elementor-element-439c546 elementor-align-center elementor-align-left elementor-widget elementor-widget-pxl_button\" data-id=\"439c546\" data-element_type=\"widget\" data-widget_type=\"pxl_button.default\">\n\t\t\t\t<div class=\"elementor-widget-container\">\n\t\t\t\t\t<div id=\"pxl-pxl_button-439c546-7873\" class=\"pxl-button pxl-atc-link wow fadeIn\" data-wow-delay=\"ms\">\r\n    <a href=\"https:\/\/onlineya.pe\/\" target=\"_blank\" class=\"btn pxl-icon-active  btn-default wow fadeIn inline pxl-icon--left\" data-wow-delay=\"ms\" data-target=\".pxl-page-popup-template-0\">\r\n                <span class=\"pxl--btn-text\" data-text=\"Capac\u00edtate en la plataforma\">\r\n            Capac\u00edtate en la plataforma        <\/span>\r\n            <\/a>\r\n<\/div>\t\t\t\t<\/div>\n\t\t\t\t<\/div>\n\t\t            <\/div>\r\n        <\/div>\r\n                <div class=\"elementor-column elementor-col-50 elementor-inner-column elementor-element elementor-element-5d855f29 pxl-column-none pxl-column-overflow-hidden-no\" data-id=\"5d855f29\" data-element_type=\"column\">\r\n        <div class=\"elementor-widget-wrap elementor-element-populated\">\r\n                     \r\n        \t\t<div class=\"elementor-element elementor-element-17cbbacd elementor-widget elementor-widget-pxl_image\" data-id=\"17cbbacd\" data-element_type=\"widget\" data-widget_type=\"pxl_image.default\">\n\t\t\t\t<div class=\"elementor-widget-container\">\n\t\t\t\t\t<div id=\"pxl_image-17cbbacd-3745\" class=\"pxl-image-single block-blur3 pxl-disable-parallax-sm pxl-hide-sr-lg\" data-wow-delay=\"ms\"  >\r\n    <div class=\"pxl-item--inner\" data-wow-delay=\"120ms\">\r\n        \r\n                    <div class=\"pxl-item--image block-blur3\" data-parallax-value=\"\">\r\n                                <img fetchpriority=\"high\" decoding=\"async\" width=\"650\" height=\"400\" src=\"https:\/\/camaralimaplugin.arbitrajeccl.com.pe\/wp-content\/uploads\/2026\/04\/2-ONLINE-YA.jpg\" class=\"no-lazyload attachment-full\" alt=\"\" srcset=\"https:\/\/camaralimaplugin.arbitrajeccl.com.pe\/wp-content\/uploads\/2026\/04\/2-ONLINE-YA.jpg 650w, https:\/\/camaralimaplugin.arbitrajeccl.com.pe\/wp-content\/uploads\/2026\/04\/2-ONLINE-YA-300x185.jpg 300w, https:\/\/camaralimaplugin.arbitrajeccl.com.pe\/wp-content\/uploads\/2026\/04\/2-ONLINE-YA-18x12.jpg 18w\" sizes=\"(max-width: 650px) 100vw, 650px\" \/>                                                    <div class=\"wrap-block\">\r\n                                                    <span class=\"block wow zoomIn\"><\/span>\r\n                            <span class=\"block wow zoomIn\"><\/span>\r\n                                                                                                    <span class=\"block wow flipInY\"><\/span>\r\n                                                                                                    <span class=\"block wow zoomIn\"><\/span>\r\n                                            <\/div>\r\n                            <\/div>\r\n                \r\n    <\/div>\r\n<\/div>\t\t\t\t<\/div>\n\t\t\t\t<\/div>\n\t\t            <\/div>\r\n        <\/div>\r\n        \t\t\t<\/div>\n\t\t<\/section>\n\t\t            <\/div>\r\n        <\/div>\r\n        \t\t\t<\/div>\n\t\t<\/section>\n\t\t\t\t<\/div>","protected":false},"excerpt":{"rendered":"<p>Servicio Online Ya Capac\u00edtate online y avanza a tu ritmo Home CCL Aprende cuando quieras, sin detener tu crecimiento Accede a cursos online dise\u00f1ados para potenciar tus habilidades profesionales de manera flexible. Online Ya te permite aprender a tu ritmo con contenidos pr\u00e1cticos en negocios, tecnolog\u00eda y gesti\u00f3n, facilitando tu crecimiento continuo desde cualquier lugar [&hellip;]<\/p>","protected":false},"author":3,"featured_media":0,"parent":159627,"menu_order":0,"comment_status":"closed","ping_status":"closed","template":"","meta":{"footnotes":""},"class_list":["post-233552","page","type-page","status-publish","hentry"],"yoast_head":"<!-- This site is optimized with the Yoast SEO plugin v25.4 - https:\/\/yoast.com\/wordpress\/plugins\/seo\/ -->\n<title>Online Ya - C\u00e1mara de Comercio de Lima<\/title>\n<meta name=\"description\" content=\"Capac\u00edtate online y avanza a tu ritmo con cursos dise\u00f1ados para fortalecer tus habilidades y tu desarrollo profesional.\" \/>\n<meta name=\"robots\" content=\"index, follow, max-snippet:-1, max-image-preview:large, max-video-preview:-1\" \/>\n<link rel=\"canonical\" href=\"https:\/\/camaralimaplugin.arbitrajeccl.com.pe\/en\/servicios\/capacitaciones\/online-ya\/\" \/>\n<meta property=\"og:locale\" content=\"en_US\" \/>\n<meta property=\"og:type\" content=\"article\" \/>\n<meta property=\"og:title\" content=\"Online Ya - C\u00e1mara de Comercio de Lima\" \/>\n<meta property=\"og:description\" content=\"Capac\u00edtate online y avanza a tu ritmo con cursos dise\u00f1ados para fortalecer tus habilidades y tu desarrollo profesional.\" \/>\n<meta property=\"og:url\" content=\"https:\/\/camaralimaplugin.arbitrajeccl.com.pe\/en\/servicios\/capacitaciones\/online-ya\/\" \/>\n<meta property=\"og:site_name\" content=\"C\u00e1mara de Comercio de Lima\" \/>\n<meta property=\"article:modified_time\" content=\"2026-04-06T19:34:45+00:00\" \/>\n<meta property=\"og:image\" content=\"https:\/\/camaralimaplugin.arbitrajeccl.com.pe\/wp-content\/uploads\/2026\/04\/2-ONLINE-YA.jpg\" \/>\n<meta name=\"twitter:card\" content=\"summary_large_image\" \/>\n<meta name=\"twitter:label1\" content=\"Est. reading time\" \/>\n\t<meta name=\"twitter:data1\" content=\"1 minute\" \/>\n<script type=\"application\/ld+json\" class=\"yoast-schema-graph\">{\"@context\":\"https:\/\/schema.org\",\"@graph\":[{\"@type\":\"WebPage\",\"@id\":\"https:\/\/camaralimaplugin.arbitrajeccl.com.pe\/servicios\/capacitaciones\/online-ya\/\",\"url\":\"https:\/\/camaralimaplugin.arbitrajeccl.com.pe\/servicios\/capacitaciones\/online-ya\/\",\"name\":\"Online Ya - C\u00e1mara de Comercio de Lima\",\"isPartOf\":{\"@id\":\"https:\/\/camaralimaplugin.arbitrajeccl.com.pe\/#website\"},\"primaryImageOfPage\":{\"@id\":\"https:\/\/camaralimaplugin.arbitrajeccl.com.pe\/servicios\/capacitaciones\/online-ya\/#primaryimage\"},\"image\":{\"@id\":\"https:\/\/camaralimaplugin.arbitrajeccl.com.pe\/servicios\/capacitaciones\/online-ya\/#primaryimage\"},\"thumbnailUrl\":\"https:\/\/camaralimaplugin.arbitrajeccl.com.pe\/wp-content\/uploads\/2026\/04\/2-ONLINE-YA.jpg\",\"datePublished\":\"2026-04-01T20:43:23+00:00\",\"dateModified\":\"2026-04-06T19:34:45+00:00\",\"description\":\"Capac\u00edtate online y avanza a tu ritmo con cursos dise\u00f1ados para fortalecer tus habilidades y tu desarrollo profesional.\",\"breadcrumb\":{\"@id\":\"https:\/\/camaralimaplugin.arbitrajeccl.com.pe\/servicios\/capacitaciones\/online-ya\/#breadcrumb\"},\"inLanguage\":\"en-US\",\"potentialAction\":[{\"@type\":\"ReadAction\",\"target\":[\"https:\/\/camaralimaplugin.arbitrajeccl.com.pe\/servicios\/capacitaciones\/online-ya\/\"]}]},{\"@type\":\"ImageObject\",\"inLanguage\":\"en-US\",\"@id\":\"https:\/\/camaralimaplugin.arbitrajeccl.com.pe\/servicios\/capacitaciones\/online-ya\/#primaryimage\",\"url\":\"https:\/\/camaralimaplugin.arbitrajeccl.com.pe\/wp-content\/uploads\/2026\/04\/2-ONLINE-YA.jpg\",\"contentUrl\":\"https:\/\/camaralimaplugin.arbitrajeccl.com.pe\/wp-content\/uploads\/2026\/04\/2-ONLINE-YA.jpg\"},{\"@type\":\"BreadcrumbList\",\"@id\":\"https:\/\/camaralimaplugin.arbitrajeccl.com.pe\/servicios\/capacitaciones\/online-ya\/#breadcrumb\",\"itemListElement\":[{\"@type\":\"ListItem\",\"position\":1,\"name\":\"Home\",\"item\":\"https:\/\/camaralimaplugin.arbitrajeccl.com.pe\/\"},{\"@type\":\"ListItem\",\"position\":2,\"name\":\"Servicios\",\"item\":\"https:\/\/camaralimaplugin.arbitrajeccl.com.pe\/servicios\/\"},{\"@type\":\"ListItem\",\"position\":3,\"name\":\"Capacitaciones\",\"item\":\"https:\/\/camaralimaplugin.arbitrajeccl.com.pe\/servicios\/capacitaciones\/\"},{\"@type\":\"ListItem\",\"position\":4,\"name\":\"Online Ya\"}]},{\"@type\":\"WebSite\",\"@id\":\"https:\/\/camaralimaplugin.arbitrajeccl.com.pe\/#website\",\"url\":\"https:\/\/camaralimaplugin.arbitrajeccl.com.pe\/\",\"name\":\"C\u00e1mara de Comercio de Lima\",\"description\":\"\",\"potentialAction\":[{\"@type\":\"SearchAction\",\"target\":{\"@type\":\"EntryPoint\",\"urlTemplate\":\"https:\/\/camaralimaplugin.arbitrajeccl.com.pe\/?s={search_term_string}\"},\"query-input\":{\"@type\":\"PropertyValueSpecification\",\"valueRequired\":true,\"valueName\":\"search_term_string\"}}],\"inLanguage\":\"en-US\"}]}<\/script>\n<!-- \/ Yoast SEO plugin. -->","yoast_head_json":{"title":"Online Ya - C\u00e1mara de Comercio de Lima","description":"Capac\u00edtate online y avanza a tu ritmo con cursos dise\u00f1ados para fortalecer tus habilidades y tu desarrollo profesional.","robots":{"index":"index","follow":"follow","max-snippet":"max-snippet:-1","max-image-preview":"max-image-preview:large","max-video-preview":"max-video-preview:-1"},"canonical":"https:\/\/camaralimaplugin.arbitrajeccl.com.pe\/en\/servicios\/capacitaciones\/online-ya\/","og_locale":"en_US","og_type":"article","og_title":"Online Ya - C\u00e1mara de Comercio de Lima","og_description":"Capac\u00edtate online y avanza a tu ritmo con cursos dise\u00f1ados para fortalecer tus habilidades y tu desarrollo profesional.","og_url":"https:\/\/camaralimaplugin.arbitrajeccl.com.pe\/en\/servicios\/capacitaciones\/online-ya\/","og_site_name":"C\u00e1mara de Comercio de Lima","article_modified_time":"2026-04-06T19:34:45+00:00","og_image":[{"url":"https:\/\/camaralimaplugin.arbitrajeccl.com.pe\/wp-content\/uploads\/2026\/04\/2-ONLINE-YA.jpg","type":"","width":"","height":""}],"twitter_card":"summary_large_image","twitter_misc":{"Est. reading time":"1 minute"},"schema":{"@context":"https:\/\/schema.org","@graph":[{"@type":"WebPage","@id":"https:\/\/camaralimaplugin.arbitrajeccl.com.pe\/servicios\/capacitaciones\/online-ya\/","url":"https:\/\/camaralimaplugin.arbitrajeccl.com.pe\/servicios\/capacitaciones\/online-ya\/","name":"Online Ya - C\u00e1mara de Comercio de Lima","isPartOf":{"@id":"https:\/\/camaralimaplugin.arbitrajeccl.com.pe\/#website"},"primaryImageOfPage":{"@id":"https:\/\/camaralimaplugin.arbitrajeccl.com.pe\/servicios\/capacitaciones\/online-ya\/#primaryimage"},"image":{"@id":"https:\/\/camaralimaplugin.arbitrajeccl.com.pe\/servicios\/capacitaciones\/online-ya\/#primaryimage"},"thumbnailUrl":"https:\/\/camaralimaplugin.arbitrajeccl.com.pe\/wp-content\/uploads\/2026\/04\/2-ONLINE-YA.jpg","datePublished":"2026-04-01T20:43:23+00:00","dateModified":"2026-04-06T19:34:45+00:00","description":"Capac\u00edtate online y avanza a tu ritmo con cursos dise\u00f1ados para fortalecer tus habilidades y tu desarrollo profesional.","breadcrumb":{"@id":"https:\/\/camaralimaplugin.arbitrajeccl.com.pe\/servicios\/capacitaciones\/online-ya\/#breadcrumb"},"inLanguage":"en-US","potentialAction":[{"@type":"ReadAction","target":["https:\/\/camaralimaplugin.arbitrajeccl.com.pe\/servicios\/capacitaciones\/online-ya\/"]}]},{"@type":"ImageObject","inLanguage":"en-US","@id":"https:\/\/camaralimaplugin.arbitrajeccl.com.pe\/servicios\/capacitaciones\/online-ya\/#primaryimage","url":"https:\/\/camaralimaplugin.arbitrajeccl.com.pe\/wp-content\/uploads\/2026\/04\/2-ONLINE-YA.jpg","contentUrl":"https:\/\/camaralimaplugin.arbitrajeccl.com.pe\/wp-content\/uploads\/2026\/04\/2-ONLINE-YA.jpg"},{"@type":"BreadcrumbList","@id":"https:\/\/camaralimaplugin.arbitrajeccl.com.pe\/servicios\/capacitaciones\/online-ya\/#breadcrumb","itemListElement":[{"@type":"ListItem","position":1,"name":"Home","item":"https:\/\/camaralimaplugin.arbitrajeccl.com.pe\/"},{"@type":"ListItem","position":2,"name":"Servicios","item":"https:\/\/camaralimaplugin.arbitrajeccl.com.pe\/servicios\/"},{"@type":"ListItem","position":3,"name":"Capacitaciones","item":"https:\/\/camaralimaplugin.arbitrajeccl.com.pe\/servicios\/capacitaciones\/"},{"@type":"ListItem","position":4,"name":"Online Ya"}]},{"@type":"WebSite","@id":"https:\/\/camaralimaplugin.arbitrajeccl.com.pe\/#website","url":"https:\/\/camaralimaplugin.arbitrajeccl.com.pe\/","name":"Lima Chamber of Commerce","description":"","potentialAction":[{"@type":"SearchAction","target":{"@type":"EntryPoint","urlTemplate":"https:\/\/camaralimaplugin.arbitrajeccl.com.pe\/?s={search_term_string}"},"query-input":{"@type":"PropertyValueSpecification","valueRequired":true,"valueName":"search_term_string"}}],"inLanguage":"en-US"}]}},"_links":{"self":[{"href":"https:\/\/camaralimaplugin.arbitrajeccl.com.pe\/en\/wp-json\/wp\/v2\/pages\/233552","targetHints":{"allow":["GET"]}}],"collection":[{"href":"https:\/\/camaralimaplugin.arbitrajeccl.com.pe\/en\/wp-json\/wp\/v2\/pages"}],"about":[{"href":"https:\/\/camaralimaplugin.arbitrajeccl.com.pe\/en\/wp-json\/wp\/v2\/types\/page"}],"author":[{"embeddable":true,"href":"https:\/\/camaralimaplugin.arbitrajeccl.com.pe\/en\/wp-json\/wp\/v2\/users\/3"}],"replies":[{"embeddable":true,"href":"https:\/\/camaralimaplugin.arbitrajeccl.com.pe\/en\/wp-json\/wp\/v2\/comments?post=233552"}],"version-history":[{"count":20,"href":"https:\/\/camaralimaplugin.arbitrajeccl.com.pe\/en\/wp-json\/wp\/v2\/pages\/233552\/revisions"}],"predecessor-version":[{"id":269388,"href":"https:\/\/camaralimaplugin.arbitrajeccl.com.pe\/en\/wp-json\/wp\/v2\/pages\/233552\/revisions\/269388"}],"up":[{"embeddable":true,"href":"https:\/\/camaralimaplugin.arbitrajeccl.com.pe\/en\/wp-json\/wp\/v2\/pages\/159627"}],"wp:attachment":[{"href":"https:\/\/camaralimaplugin.arbitrajeccl.com.pe\/en\/wp-json\/wp\/v2\/media?parent=233552"}],"curies":[{"name":"wp","href":"https:\/\/api.w.org\/{rel}","templated":true}]}}