{"id":230492,"date":"2026-03-31T21:30:10","date_gmt":"2026-03-31T21:30:10","guid":{"rendered":"https:\/\/camaralimaplugin.arbitrajeccl.com.pe\/?page_id=230492"},"modified":"2026-04-08T19:59:37","modified_gmt":"2026-04-08T19:59:37","slug":"centro-de-capacitacion-empresarial","status":"publish","type":"page","link":"https:\/\/camaralimaplugin.arbitrajeccl.com.pe\/en\/servicios\/capacitaciones\/centro-de-capacitacion-empresarial\/","title":{"rendered":"Training center Business"},"content":{"rendered":"<div data-elementor-type=\"wp-page\" data-elementor-id=\"230492\" class=\"elementor elementor-230492\" data-elementor-post-type=\"page\">\n\t\t\t\t        <section class=\"elementor-section elementor-top-section elementor-element elementor-element-26d9b44 elementor-section-stretched elementor-section-boxed elementor-section-height-default elementor-section-height-default pxl-row-scroll-none pxl-zoom-point-false pxl-section-overflow-visible\" data-id=\"26d9b44\" data-element_type=\"section\" data-settings=\"{&quot;stretch_section&quot;:&quot;section-stretched&quot;,&quot;background_background&quot;:&quot;classic&quot;}\">\n\n                            <div class=\"elementor-background-overlay\"><\/div>\n            \n                <div class=\"elementor-container elementor-column-gap-extended\">\n                <div class=\"elementor-column elementor-col-100 elementor-top-column elementor-element elementor-element-3c3cadaa pxl-column-none pxl-column-overflow-hidden-no\" data-id=\"3c3cadaa\" data-element_type=\"column\">\r\n        <div class=\"elementor-widget-wrap elementor-element-populated\">\r\n                     \r\n        \t\t<div class=\"elementor-element elementor-element-1d5c87bc elementor-widget elementor-widget-pxl_heading\" data-id=\"1d5c87bc\" data-element_type=\"widget\" data-widget_type=\"pxl_heading.default\">\n\t\t\t\t<div class=\"elementor-widget-container\">\n\t\t\t\t\t\n<div id=\"pxl-pxl_heading-1d5c87bc-5608\" class=\"pxl-heading px-sub-title-default-style\">\n\t<div class=\"pxl-heading--inner\">\n\t\t\t\t\t<div class=\"pxl-item--subtitle px-sub-title-default\" data-wow-delay=\"ms\">\n\t\t\t\t<span class=\"pxl-item--subtext\">\n\t\t\t\t\t\t\t\t\t\tService\t\t\t\t<\/span>\n\t\t\t<\/div>\n\t\t\n\t\t<h1 class=\"pxl-item--title style-default  highlight-default\" data-wow-delay=\"ms\">\n\t\t\t\t\t\t\tTraining center Business\t\n\t\t\t\t\n\t\t<\/h1>\n\t\t\n\t<\/div>\n<\/div>\t\t\t\t<\/div>\n\t\t\t\t<\/div>\n\t\t\t\t<div class=\"elementor-element elementor-element-51fe6751 elementor-widget__width-initial elementor-widget-laptop__width-initial elementor-widget elementor-widget-pxl_text_editor\" data-id=\"51fe6751\" data-element_type=\"widget\" data-widget_type=\"pxl_text_editor.default\">\n\t\t\t\t<div class=\"elementor-widget-container\">\n\t\t\t\t\t<div class=\"pxl-text-editor\">\n\t<div class=\"pxl-item--inner\" data-wow-delay=\"ms\">\n\t\tCapacitaci\u00f3n empresarial para potenciar tu crecimiento profesional\t\t\n\t<\/div>\n<\/div>\t\t\t\t<\/div>\n\t\t\t\t<\/div>\n\t\t\t\t<div class=\"elementor-element elementor-element-2e96df59 elementor-widget-divider--view-line elementor-widget elementor-widget-divider\" data-id=\"2e96df59\" data-element_type=\"widget\" data-widget_type=\"divider.default\">\n\t\t\t\t\t\t\t<div class=\"elementor-divider\">\n\t\t\t<span class=\"elementor-divider-separator\">\n\t\t\t\t\t\t<\/span>\n\t\t<\/div>\n\t\t\t\t\t\t<\/div>\n\t\t\t\t<div class=\"elementor-element elementor-element-2a308d3a elementor-widget-divider--view-line elementor-widget elementor-widget-divider\" data-id=\"2a308d3a\" data-element_type=\"widget\" data-widget_type=\"divider.default\">\n\t\t\t\t\t\t\t<div class=\"elementor-divider\">\n\t\t\t<span class=\"elementor-divider-separator\">\n\t\t\t\t\t\t<\/span>\n\t\t<\/div>\n\t\t\t\t\t\t<\/div>\n\t\t\t\t<div class=\"elementor-element elementor-element-28251703 elementor-widget elementor-widget-pxl_breadcrumb\" data-id=\"28251703\" data-element_type=\"widget\" data-widget_type=\"pxl_breadcrumb.default\">\n\t\t\t\t<div class=\"elementor-widget-container\">\n\t\t\t\t\t<div class=\"pxl-breadcrumb-wrap\">\n\t<ul class=\"pxl-breadcrumb\"><li><span class=\"breadcrumb-entry\">Home CCL<\/span><\/li><\/ul><\/div>\t\t\t\t<\/div>\n\t\t\t\t<\/div>\n\t\t            <\/div>\r\n        <\/div>\r\n        \t\t\t<\/div>\n\t\t<\/section>\n\t\t        <section class=\"elementor-section elementor-top-section elementor-element elementor-element-7b222348 elementor-section-stretched elementor-section-boxed elementor-section-height-default elementor-section-height-default pxl-row-scroll-none pxl-zoom-point-false pxl-section-overflow-visible\" data-id=\"7b222348\" data-element_type=\"section\" data-settings=\"{&quot;stretch_section&quot;:&quot;section-stretched&quot;,&quot;background_background&quot;:&quot;classic&quot;}\">\n\n                \n                <div class=\"elementor-container elementor-column-gap-default\">\n                <div class=\"elementor-column elementor-col-100 elementor-top-column elementor-element elementor-element-6b7ae81f pxl-column-overflow-hidden-yes pxl-column-none\" data-id=\"6b7ae81f\" data-element_type=\"column\" data-settings=\"{&quot;background_background&quot;:&quot;classic&quot;}\">\r\n        <div class=\"elementor-widget-wrap elementor-element-populated\">\r\n                     \r\n                <section class=\"elementor-section elementor-inner-section elementor-element elementor-element-50ec084e elementor-section-content-middle elementor-section-boxed elementor-section-height-default elementor-section-height-default pxl-row-scroll-none pxl-zoom-point-false pxl-section-overflow-visible\" data-id=\"50ec084e\" data-element_type=\"section\">\n\n                \n                <div class=\"elementor-container elementor-column-gap-default\">\n                <div class=\"elementor-column elementor-col-50 elementor-inner-column elementor-element elementor-element-6ebdb0e5 pxl-column-none pxl-column-overflow-hidden-no\" data-id=\"6ebdb0e5\" data-element_type=\"column\">\r\n        <div class=\"elementor-widget-wrap elementor-element-populated\">\r\n                     \r\n        \t\t<div class=\"elementor-element elementor-element-8b6374c elementor-widget elementor-widget-heading\" data-id=\"8b6374c\" data-element_type=\"widget\" data-widget_type=\"heading.default\">\n\t\t\t\t\t<h2 class=\"elementor-heading-title elementor-size-default\">Especial\u00edzate y fortalece tu perfil profesional<\/h2>\t\t\t\t<\/div>\n\t\t\t\t<div class=\"elementor-element elementor-element-1695d410 elementor-widget-divider--view-line elementor-widget elementor-widget-divider\" data-id=\"1695d410\" data-element_type=\"widget\" data-widget_type=\"divider.default\">\n\t\t\t\t\t\t\t<div class=\"elementor-divider\">\n\t\t\t<span class=\"elementor-divider-separator\">\n\t\t\t\t\t\t<\/span>\n\t\t<\/div>\n\t\t\t\t\t\t<\/div>\n\t\t\t\t<div class=\"elementor-element elementor-element-6e815a5a elementor-widget elementor-widget-pxl_text_editor\" data-id=\"6e815a5a\" data-element_type=\"widget\" data-widget_type=\"pxl_text_editor.default\">\n\t\t\t\t<div class=\"elementor-widget-container\">\n\t\t\t\t\t<div class=\"pxl-text-editor\">\n\t<div class=\"pxl-item--inner\" data-wow-delay=\"ms\">\n\t\t<p>Impulsa tu desarrollo profesional con el Centro de Capacitaci\u00f3n de la C\u00e1mara de Comercio de Lima. Accede a programas especializados, cursos y diplomados dise\u00f1ados para fortalecer tus competencias en gesti\u00f3n, negocios y liderazgo, con enfoque pr\u00e1ctico y aplicable al entorno empresarial actual.<\/p>\t\t\n\t<\/div>\n<\/div>\t\t\t\t<\/div>\n\t\t\t\t<\/div>\n\t\t\t\t<div class=\"elementor-element elementor-element-30ddda0 elementor-align-center elementor-align-left elementor-widget elementor-widget-pxl_button\" data-id=\"30ddda0\" data-element_type=\"widget\" data-widget_type=\"pxl_button.default\">\n\t\t\t\t<div class=\"elementor-widget-container\">\n\t\t\t\t\t<div id=\"pxl-pxl_button-30ddda0-5601\" class=\"pxl-button pxl-atc-link wow fadeIn\" data-wow-delay=\"ms\">\r\n    <a href=\"https:\/\/capacitacionccl.edu.pe\/\" target=\"_blank\" class=\"btn pxl-icon-active  btn-default wow fadeIn inline pxl-icon--left\" data-wow-delay=\"ms\" data-target=\".pxl-page-popup-template-0\">\r\n                <span class=\"pxl--btn-text\" data-text=\"Ver programas disponibles\">\r\n            Ver programas disponibles        <\/span>\r\n            <\/a>\r\n<\/div>\t\t\t\t<\/div>\n\t\t\t\t<\/div>\n\t\t            <\/div>\r\n        <\/div>\r\n                <div class=\"elementor-column elementor-col-50 elementor-inner-column elementor-element elementor-element-4a0e5c72 pxl-column-none pxl-column-overflow-hidden-no\" data-id=\"4a0e5c72\" data-element_type=\"column\">\r\n        <div class=\"elementor-widget-wrap elementor-element-populated\">\r\n                     \r\n        \t\t<div class=\"elementor-element elementor-element-d701391 elementor-widget elementor-widget-pxl_image\" data-id=\"d701391\" data-element_type=\"widget\" data-widget_type=\"pxl_image.default\">\n\t\t\t\t<div class=\"elementor-widget-container\">\n\t\t\t\t\t<div id=\"pxl_image-d701391-6643\" class=\"pxl-image-single block-blur3 pxl-disable-parallax-sm pxl-hide-sr-lg\" data-wow-delay=\"ms\"  >\r\n    <div class=\"pxl-item--inner\" data-wow-delay=\"120ms\">\r\n        \r\n                    <div class=\"pxl-item--image block-blur3\" data-parallax-value=\"\">\r\n                                <img fetchpriority=\"high\" decoding=\"async\" width=\"650\" height=\"400\" src=\"https:\/\/camaralimaplugin.arbitrajeccl.com.pe\/wp-content\/uploads\/2026\/04\/2-EJECUTIVA.jpg\" class=\"no-lazyload attachment-full\" alt=\"\" srcset=\"https:\/\/camaralimaplugin.arbitrajeccl.com.pe\/wp-content\/uploads\/2026\/04\/2-EJECUTIVA.jpg 650w, https:\/\/camaralimaplugin.arbitrajeccl.com.pe\/wp-content\/uploads\/2026\/04\/2-EJECUTIVA-300x185.jpg 300w, https:\/\/camaralimaplugin.arbitrajeccl.com.pe\/wp-content\/uploads\/2026\/04\/2-EJECUTIVA-18x12.jpg 18w\" sizes=\"(max-width: 650px) 100vw, 650px\" \/>                                                    <div class=\"wrap-block\">\r\n                                                    <span class=\"block wow zoomIn\"><\/span>\r\n                            <span class=\"block wow zoomIn\"><\/span>\r\n                                                                                                    <span class=\"block wow flipInY\"><\/span>\r\n                                                                                                    <span class=\"block wow zoomIn\"><\/span>\r\n                                            <\/div>\r\n                            <\/div>\r\n                \r\n    <\/div>\r\n<\/div>\t\t\t\t<\/div>\n\t\t\t\t<\/div>\n\t\t            <\/div>\r\n        <\/div>\r\n        \t\t\t<\/div>\n\t\t<\/section>\n\t\t            <\/div>\r\n        <\/div>\r\n        \t\t\t<\/div>\n\t\t<\/section>\n\t\t\t\t<\/div>","protected":false},"excerpt":{"rendered":"<p>Servicio Centro de Capacitaci\u00f3n Empresarial Capacitaci\u00f3n empresarial para potenciar tu crecimiento profesional Home CCL Especial\u00edzate y fortalece tu perfil profesional Impulsa tu desarrollo profesional con el Centro de Capacitaci\u00f3n de la C\u00e1mara de Comercio de Lima. Accede a programas especializados, cursos y diplomados dise\u00f1ados para fortalecer tus competencias en gesti\u00f3n, negocios y liderazgo, con enfoque [&hellip;]<\/p>","protected":false},"author":3,"featured_media":0,"parent":159627,"menu_order":0,"comment_status":"closed","ping_status":"closed","template":"","meta":{"footnotes":""},"class_list":["post-230492","page","type-page","status-publish","hentry"],"yoast_head":"<!-- This site is optimized with the Yoast SEO plugin v25.4 - https:\/\/yoast.com\/wordpress\/plugins\/seo\/ -->\n<title>Centro de Capacitaci\u00f3n Empresarial - C\u00e1mara de Comercio de Lima<\/title>\n<meta name=\"description\" content=\"Capacitaci\u00f3n empresarial para potenciar tu crecimiento profesional y desarrollar habilidades clave en tu carrera y \u00e9xito laboral.\" \/>\n<meta name=\"robots\" content=\"index, follow, max-snippet:-1, max-image-preview:large, max-video-preview:-1\" \/>\n<link rel=\"canonical\" href=\"https:\/\/camaralimaplugin.arbitrajeccl.com.pe\/en\/servicios\/capacitaciones\/centro-de-capacitacion-empresarial\/\" \/>\n<meta property=\"og:locale\" content=\"en_US\" \/>\n<meta property=\"og:type\" content=\"article\" \/>\n<meta property=\"og:title\" content=\"Centro de Capacitaci\u00f3n Empresarial - C\u00e1mara de Comercio de Lima\" \/>\n<meta property=\"og:description\" content=\"Capacitaci\u00f3n empresarial para potenciar tu crecimiento profesional y desarrollar habilidades clave en tu carrera y \u00e9xito laboral.\" \/>\n<meta property=\"og:url\" content=\"https:\/\/camaralimaplugin.arbitrajeccl.com.pe\/en\/servicios\/capacitaciones\/centro-de-capacitacion-empresarial\/\" \/>\n<meta property=\"og:site_name\" content=\"C\u00e1mara de Comercio de Lima\" \/>\n<meta property=\"article:modified_time\" content=\"2026-04-08T19:59:37+00:00\" \/>\n<meta property=\"og:image\" content=\"https:\/\/camaralimaplugin.arbitrajeccl.com.pe\/wp-content\/uploads\/2026\/04\/2-EJECUTIVA.jpg\" \/>\n<meta name=\"twitter:card\" content=\"summary_large_image\" \/>\n<meta name=\"twitter:label1\" content=\"Est. reading time\" \/>\n\t<meta name=\"twitter:data1\" content=\"1 minute\" \/>\n<script type=\"application\/ld+json\" class=\"yoast-schema-graph\">{\"@context\":\"https:\/\/schema.org\",\"@graph\":[{\"@type\":\"WebPage\",\"@id\":\"https:\/\/camaralimaplugin.arbitrajeccl.com.pe\/servicios\/capacitaciones\/centro-de-capacitacion-empresarial\/\",\"url\":\"https:\/\/camaralimaplugin.arbitrajeccl.com.pe\/servicios\/capacitaciones\/centro-de-capacitacion-empresarial\/\",\"name\":\"Centro de Capacitaci\u00f3n Empresarial - C\u00e1mara de Comercio de Lima\",\"isPartOf\":{\"@id\":\"https:\/\/camaralimaplugin.arbitrajeccl.com.pe\/#website\"},\"primaryImageOfPage\":{\"@id\":\"https:\/\/camaralimaplugin.arbitrajeccl.com.pe\/servicios\/capacitaciones\/centro-de-capacitacion-empresarial\/#primaryimage\"},\"image\":{\"@id\":\"https:\/\/camaralimaplugin.arbitrajeccl.com.pe\/servicios\/capacitaciones\/centro-de-capacitacion-empresarial\/#primaryimage\"},\"thumbnailUrl\":\"https:\/\/camaralimaplugin.arbitrajeccl.com.pe\/wp-content\/uploads\/2026\/04\/2-EJECUTIVA.jpg\",\"datePublished\":\"2026-03-31T21:30:10+00:00\",\"dateModified\":\"2026-04-08T19:59:37+00:00\",\"description\":\"Capacitaci\u00f3n empresarial para potenciar tu crecimiento profesional y desarrollar habilidades clave en tu carrera y \u00e9xito laboral.\",\"breadcrumb\":{\"@id\":\"https:\/\/camaralimaplugin.arbitrajeccl.com.pe\/servicios\/capacitaciones\/centro-de-capacitacion-empresarial\/#breadcrumb\"},\"inLanguage\":\"en-US\",\"potentialAction\":[{\"@type\":\"ReadAction\",\"target\":[\"https:\/\/camaralimaplugin.arbitrajeccl.com.pe\/servicios\/capacitaciones\/centro-de-capacitacion-empresarial\/\"]}]},{\"@type\":\"ImageObject\",\"inLanguage\":\"en-US\",\"@id\":\"https:\/\/camaralimaplugin.arbitrajeccl.com.pe\/servicios\/capacitaciones\/centro-de-capacitacion-empresarial\/#primaryimage\",\"url\":\"https:\/\/camaralimaplugin.arbitrajeccl.com.pe\/wp-content\/uploads\/2026\/04\/2-EJECUTIVA.jpg\",\"contentUrl\":\"https:\/\/camaralimaplugin.arbitrajeccl.com.pe\/wp-content\/uploads\/2026\/04\/2-EJECUTIVA.jpg\"},{\"@type\":\"BreadcrumbList\",\"@id\":\"https:\/\/camaralimaplugin.arbitrajeccl.com.pe\/servicios\/capacitaciones\/centro-de-capacitacion-empresarial\/#breadcrumb\",\"itemListElement\":[{\"@type\":\"ListItem\",\"position\":1,\"name\":\"Home\",\"item\":\"https:\/\/camaralimaplugin.arbitrajeccl.com.pe\/\"},{\"@type\":\"ListItem\",\"position\":2,\"name\":\"Servicios\",\"item\":\"https:\/\/camaralimaplugin.arbitrajeccl.com.pe\/servicios\/\"},{\"@type\":\"ListItem\",\"position\":3,\"name\":\"Capacitaciones\",\"item\":\"https:\/\/camaralimaplugin.arbitrajeccl.com.pe\/servicios\/capacitaciones\/\"},{\"@type\":\"ListItem\",\"position\":4,\"name\":\"Centro de Capacitaci\u00f3n Empresarial\"}]},{\"@type\":\"WebSite\",\"@id\":\"https:\/\/camaralimaplugin.arbitrajeccl.com.pe\/#website\",\"url\":\"https:\/\/camaralimaplugin.arbitrajeccl.com.pe\/\",\"name\":\"C\u00e1mara de Comercio de Lima\",\"description\":\"\",\"potentialAction\":[{\"@type\":\"SearchAction\",\"target\":{\"@type\":\"EntryPoint\",\"urlTemplate\":\"https:\/\/camaralimaplugin.arbitrajeccl.com.pe\/?s={search_term_string}\"},\"query-input\":{\"@type\":\"PropertyValueSpecification\",\"valueRequired\":true,\"valueName\":\"search_term_string\"}}],\"inLanguage\":\"en-US\"}]}<\/script>\n<!-- \/ Yoast SEO plugin. -->","yoast_head_json":{"title":"Centro de Capacitaci\u00f3n Empresarial - C\u00e1mara de Comercio de Lima","description":"Capacitaci\u00f3n empresarial para potenciar tu crecimiento profesional y desarrollar habilidades clave en tu carrera y \u00e9xito laboral.","robots":{"index":"index","follow":"follow","max-snippet":"max-snippet:-1","max-image-preview":"max-image-preview:large","max-video-preview":"max-video-preview:-1"},"canonical":"https:\/\/camaralimaplugin.arbitrajeccl.com.pe\/en\/servicios\/capacitaciones\/centro-de-capacitacion-empresarial\/","og_locale":"en_US","og_type":"article","og_title":"Centro de Capacitaci\u00f3n Empresarial - C\u00e1mara de Comercio de Lima","og_description":"Capacitaci\u00f3n empresarial para potenciar tu crecimiento profesional y desarrollar habilidades clave en tu carrera y \u00e9xito laboral.","og_url":"https:\/\/camaralimaplugin.arbitrajeccl.com.pe\/en\/servicios\/capacitaciones\/centro-de-capacitacion-empresarial\/","og_site_name":"C\u00e1mara de Comercio de Lima","article_modified_time":"2026-04-08T19:59:37+00:00","og_image":[{"url":"https:\/\/camaralimaplugin.arbitrajeccl.com.pe\/wp-content\/uploads\/2026\/04\/2-EJECUTIVA.jpg","type":"","width":"","height":""}],"twitter_card":"summary_large_image","twitter_misc":{"Est. reading time":"1 minute"},"schema":{"@context":"https:\/\/schema.org","@graph":[{"@type":"WebPage","@id":"https:\/\/camaralimaplugin.arbitrajeccl.com.pe\/servicios\/capacitaciones\/centro-de-capacitacion-empresarial\/","url":"https:\/\/camaralimaplugin.arbitrajeccl.com.pe\/servicios\/capacitaciones\/centro-de-capacitacion-empresarial\/","name":"Centro de Capacitaci\u00f3n Empresarial - C\u00e1mara de Comercio de Lima","isPartOf":{"@id":"https:\/\/camaralimaplugin.arbitrajeccl.com.pe\/#website"},"primaryImageOfPage":{"@id":"https:\/\/camaralimaplugin.arbitrajeccl.com.pe\/servicios\/capacitaciones\/centro-de-capacitacion-empresarial\/#primaryimage"},"image":{"@id":"https:\/\/camaralimaplugin.arbitrajeccl.com.pe\/servicios\/capacitaciones\/centro-de-capacitacion-empresarial\/#primaryimage"},"thumbnailUrl":"https:\/\/camaralimaplugin.arbitrajeccl.com.pe\/wp-content\/uploads\/2026\/04\/2-EJECUTIVA.jpg","datePublished":"2026-03-31T21:30:10+00:00","dateModified":"2026-04-08T19:59:37+00:00","description":"Capacitaci\u00f3n empresarial para potenciar tu crecimiento profesional y desarrollar habilidades clave en tu carrera y \u00e9xito laboral.","breadcrumb":{"@id":"https:\/\/camaralimaplugin.arbitrajeccl.com.pe\/servicios\/capacitaciones\/centro-de-capacitacion-empresarial\/#breadcrumb"},"inLanguage":"en-US","potentialAction":[{"@type":"ReadAction","target":["https:\/\/camaralimaplugin.arbitrajeccl.com.pe\/servicios\/capacitaciones\/centro-de-capacitacion-empresarial\/"]}]},{"@type":"ImageObject","inLanguage":"en-US","@id":"https:\/\/camaralimaplugin.arbitrajeccl.com.pe\/servicios\/capacitaciones\/centro-de-capacitacion-empresarial\/#primaryimage","url":"https:\/\/camaralimaplugin.arbitrajeccl.com.pe\/wp-content\/uploads\/2026\/04\/2-EJECUTIVA.jpg","contentUrl":"https:\/\/camaralimaplugin.arbitrajeccl.com.pe\/wp-content\/uploads\/2026\/04\/2-EJECUTIVA.jpg"},{"@type":"BreadcrumbList","@id":"https:\/\/camaralimaplugin.arbitrajeccl.com.pe\/servicios\/capacitaciones\/centro-de-capacitacion-empresarial\/#breadcrumb","itemListElement":[{"@type":"ListItem","position":1,"name":"Home","item":"https:\/\/camaralimaplugin.arbitrajeccl.com.pe\/"},{"@type":"ListItem","position":2,"name":"Servicios","item":"https:\/\/camaralimaplugin.arbitrajeccl.com.pe\/servicios\/"},{"@type":"ListItem","position":3,"name":"Capacitaciones","item":"https:\/\/camaralimaplugin.arbitrajeccl.com.pe\/servicios\/capacitaciones\/"},{"@type":"ListItem","position":4,"name":"Centro de Capacitaci\u00f3n Empresarial"}]},{"@type":"WebSite","@id":"https:\/\/camaralimaplugin.arbitrajeccl.com.pe\/#website","url":"https:\/\/camaralimaplugin.arbitrajeccl.com.pe\/","name":"Lima Chamber of Commerce","description":"","potentialAction":[{"@type":"SearchAction","target":{"@type":"EntryPoint","urlTemplate":"https:\/\/camaralimaplugin.arbitrajeccl.com.pe\/?s={search_term_string}"},"query-input":{"@type":"PropertyValueSpecification","valueRequired":true,"valueName":"search_term_string"}}],"inLanguage":"en-US"}]}},"_links":{"self":[{"href":"https:\/\/camaralimaplugin.arbitrajeccl.com.pe\/en\/wp-json\/wp\/v2\/pages\/230492","targetHints":{"allow":["GET"]}}],"collection":[{"href":"https:\/\/camaralimaplugin.arbitrajeccl.com.pe\/en\/wp-json\/wp\/v2\/pages"}],"about":[{"href":"https:\/\/camaralimaplugin.arbitrajeccl.com.pe\/en\/wp-json\/wp\/v2\/types\/page"}],"author":[{"embeddable":true,"href":"https:\/\/camaralimaplugin.arbitrajeccl.com.pe\/en\/wp-json\/wp\/v2\/users\/3"}],"replies":[{"embeddable":true,"href":"https:\/\/camaralimaplugin.arbitrajeccl.com.pe\/en\/wp-json\/wp\/v2\/comments?post=230492"}],"version-history":[{"count":71,"href":"https:\/\/camaralimaplugin.arbitrajeccl.com.pe\/en\/wp-json\/wp\/v2\/pages\/230492\/revisions"}],"predecessor-version":[{"id":277370,"href":"https:\/\/camaralimaplugin.arbitrajeccl.com.pe\/en\/wp-json\/wp\/v2\/pages\/230492\/revisions\/277370"}],"up":[{"embeddable":true,"href":"https:\/\/camaralimaplugin.arbitrajeccl.com.pe\/en\/wp-json\/wp\/v2\/pages\/159627"}],"wp:attachment":[{"href":"https:\/\/camaralimaplugin.arbitrajeccl.com.pe\/en\/wp-json\/wp\/v2\/media?parent=230492"}],"curies":[{"name":"wp","href":"https:\/\/api.w.org\/{rel}","templated":true}]}}